{"id":6544,"date":"2023-11-22T12:23:35","date_gmt":"2023-11-22T12:23:35","guid":{"rendered":"https:\/\/www.childrenofthearth.com\/?page_id=6544"},"modified":"2023-11-22T12:23:35","modified_gmt":"2023-11-22T12:23:35","slug":"5-elementle-iyilesme-sanati-2","status":"publish","type":"page","link":"https:\/\/www.childrenofthearth.com\/tr\/online-kurslar\/5-elementle-iyilesme-sanati-2\/","title":{"rendered":"5 Elementle \u0130yile\u015fme Sanat\u0131"},"content":{"rendered":"<style type=\"text\/css\" data-created_by=\"avia_inline_auto\" id=\"style-css-av-lhfvdfqb-a4b005d3650884e5e1f8346299662ebf\">\n.avia-section.av-lhfvdfqb-a4b005d3650884e5e1f8346299662ebf{\nbackground-repeat:no-repeat;\nbackground-image:url(https:\/\/www.childrenofthearth.com\/wp-content\/uploads\/2023\/05\/retreats.jpg);\nbackground-position:50% 50%;\nbackground-attachment:scroll;\n}\n.avia-section.av-lhfvdfqb-a4b005d3650884e5e1f8346299662ebf .av-section-color-overlay{\nopacity:0.3;\nbackground-color:#000000;\n}\n<\/style>\n<div id='retrats'  class='avia-section av-lhfvdfqb-a4b005d3650884e5e1f8346299662ebf main_color avia-section-default avia-no-border-styling  avia-builder-el-0  el_before_av_section  avia-builder-el-first  avia-bg-style-scroll av-section-color-overlay-active container_wrap fullsize'  data-section-bg-repeat='no-repeat'><div class=\"av-section-color-overlay-wrap\"><div class=\"av-section-color-overlay\"><\/div><div class='container av-section-cont-open' ><main  role=\"main\" itemprop=\"mainContentOfPage\"  class='template-page content  av-content-full alpha units'><div class='post-entry post-entry-type-page post-entry-6544'><div class='entry-content-wrapper clearfix'>\n\n<style type=\"text\/css\" data-created_by=\"avia_inline_auto\" id=\"style-css-av-lhhfe0hu-6b1763e53040e3a23261f98178a10b5e\">\n#top .hr.hr-invisible.av-lhhfe0hu-6b1763e53040e3a23261f98178a10b5e{\nheight:20px;\n}\n<\/style>\n<div  class='hr av-lhhfe0hu-6b1763e53040e3a23261f98178a10b5e hr-invisible  avia-builder-el-1  el_before_av_heading  avia-builder-el-first'><span class='hr-inner'><span class=\"hr-inner-style\"><\/span><\/span><\/div>\n\n<style type=\"text\/css\" data-created_by=\"avia_inline_auto\" id=\"style-css-av-lhfvfys2-22634a151a4b03754211e0eb46904460\">\n#top .av-special-heading.av-lhfvfys2-22634a151a4b03754211e0eb46904460{\npadding-bottom:10px;\ncolor:#ffffff;\n}\nbody .av-special-heading.av-lhfvfys2-22634a151a4b03754211e0eb46904460 .av-special-heading-tag .heading-char{\nfont-size:25px;\n}\n.av-special-heading.av-lhfvfys2-22634a151a4b03754211e0eb46904460 .special-heading-inner-border{\nborder-color:#ffffff;\n}\n.av-special-heading.av-lhfvfys2-22634a151a4b03754211e0eb46904460 .av-subheading{\nfont-size:15px;\n}\n<\/style>\n<div  class='av-special-heading av-lhfvfys2-22634a151a4b03754211e0eb46904460 av-special-heading-h2 custom-color-heading blockquote modern-quote modern-centered  avia-builder-el-2  el_after_av_hr  el_before_av_hr'><h2 class='av-special-heading-tag'  itemprop=\"headline\"  >Online Kurslar<\/h2><div class='av_custom_color av-subheading av-subheading_below'><p>5 Elementle \u0130yile\u015fme Sanat\u0131<\/p>\n<\/div><div class=\"special-heading-border\"><div class=\"special-heading-inner-border\"><\/div><\/div><\/div>\n\n<style type=\"text\/css\" data-created_by=\"avia_inline_auto\" id=\"style-css-av-lhhfe8rg-13d178b94dbfcae93d8eca96738dc284\">\n#top .hr.hr-invisible.av-lhhfe8rg-13d178b94dbfcae93d8eca96738dc284{\nheight:150px;\n}\n<\/style>\n<div  class='hr av-lhhfe8rg-13d178b94dbfcae93d8eca96738dc284 hr-invisible  avia-builder-el-3  el_after_av_heading  avia-builder-el-last'><span class='hr-inner'><span class=\"hr-inner-style\"><\/span><\/span><\/div>\n\n<\/div><\/div><\/main><!-- close content main element --><\/div><\/div><\/div>\n<style type=\"text\/css\" data-created_by=\"avia_inline_auto\" id=\"style-css-av-eegkh-d99f6743a4174753d7acad40fb41f099\">\n.avia-section.av-eegkh-d99f6743a4174753d7acad40fb41f099{\nbackground-color:#f3dbd0;\nbackground-image:unset;\n}\n<\/style>\n<div id='program'  class='avia-section av-eegkh-d99f6743a4174753d7acad40fb41f099 main_color avia-section-default avia-no-border-styling  avia-builder-el-4  el_after_av_section  el_before_av_one_third  avia-bg-style-scroll container_wrap fullsize'  ><div class='container av-section-cont-open' ><div class='template-page content  av-content-full alpha units'><div class='post-entry post-entry-type-page post-entry-6544'><div class='entry-content-wrapper clearfix'>\n<div class='flex_column av-89f09-a113d8bf3a079bd612315d7b04f2fab7 av_one_full  avia-builder-el-5  avia-builder-el-no-sibling  kursaciklama first flex_column_div'     ><section  class='av_textblock_section av-lhk1a34m-8f35b6ae4ac628a839ba2735eb33fadd'  itemscope=\"itemscope\" itemtype=\"https:\/\/schema.org\/CreativeWork\" ><div class='avia_textblock yazar'  itemprop=\"text\" ><p style=\"text-align: center;\">23 Temmuz\u2019da ilk \u0130yi\u2019le\u015fme Sanat\u0131 Online kursu ba\u015fl\u0131yor. Kay\u0131t i\u00e7in <a> SON 2 G\u00dcN<\/a>. Detayl\u0131 bilgi ve kay\u0131t i\u00e7in mailinizi yazabilirsiniz.<\/p>\n<p style=\"text-align: center;\">Telefonla sorular\u0131n\u0131z i\u00e7in <a href=\"tel: 90 5305220151\">+90 530 522 01 51<\/a> i arayabilirsiniz.<\/p>\n<\/div><\/section><br \/>\n\n<style type=\"text\/css\" data-created_by=\"avia_inline_auto\" id=\"style-css-av-ljxy825n-04ba4ed8cb0c9bbee6f7193892f7c9a0\">\n#top .hr.hr-invisible.av-ljxy825n-04ba4ed8cb0c9bbee6f7193892f7c9a0{\nheight:20px;\n}\n<\/style>\n<div  class='hr av-ljxy825n-04ba4ed8cb0c9bbee6f7193892f7c9a0 hr-invisible  avia-builder-el-7  el_after_av_textblock  el_before_av_codeblock'><span class='hr-inner'><span class=\"hr-inner-style\"><\/span><\/span><\/div><br \/>\n<\/p><\/div>\n<\/div><\/div><\/div><!-- close content main div --><\/div><\/div><div id='after_section_2'  class='main_color av_default_container_wrap container_wrap fullsize'  ><div class='container av-section-cont-open' ><div class='template-page content  av-content-full alpha units'><div class='post-entry post-entry-type-page post-entry-6544'><div class='entry-content-wrapper clearfix'>\n<div class='flex_column av-gz60pr-cc9ac4fb7482bc55fb9232b70a9f485f av_one_third  avia-builder-el-9  el_after_av_section  el_before_av_one_third  avia-builder-el-first  kursfotolari first flex_column_div'     ><style type=\"text\/css\" data-created_by=\"avia_inline_auto\" id=\"style-css-av-5zm1tr-0f0babdafa52635f501ef453a2c75a6d\">\n.avia-image-container.av-5zm1tr-0f0babdafa52635f501ef453a2c75a6d img.avia_image{\nbox-shadow:none;\n}\n.avia-image-container.av-5zm1tr-0f0babdafa52635f501ef453a2c75a6d .av-image-caption-overlay-center{\ncolor:#ffffff;\n}\n<\/style>\n<div  class='avia-image-container av-5zm1tr-0f0babdafa52635f501ef453a2c75a6d av-styling- avia-align-center  avia-builder-el-10  avia-builder-el-no-sibling'   itemprop=\"image\" itemscope=\"itemscope\" itemtype=\"https:\/\/schema.org\/ImageObject\" ><div class=\"avia-image-container-inner\"><div class=\"avia-image-overlay-wrap\"><img decoding=\"async\" class='wp-image-6545 avia-img-lazy-loading-not-6545 avia_image' src=\"https:\/\/www.childrenofthearth.com\/wp-content\/uploads\/2023\/11\/WhatsApp-Image-2023-11-19-at-10.23.53.jpeg\" alt='' title='WhatsApp Image 2023-11-19 at 10.23.53'  height=\"2048\" width=\"2048\"  itemprop=\"thumbnailUrl\" srcset=\"https:\/\/www.childrenofthearth.com\/wp-content\/uploads\/2023\/11\/WhatsApp-Image-2023-11-19-at-10.23.53.jpeg 2048w, https:\/\/www.childrenofthearth.com\/wp-content\/uploads\/2023\/11\/WhatsApp-Image-2023-11-19-at-10.23.53-300x300.jpeg 300w, https:\/\/www.childrenofthearth.com\/wp-content\/uploads\/2023\/11\/WhatsApp-Image-2023-11-19-at-10.23.53-1030x1030.jpeg 1030w, https:\/\/www.childrenofthearth.com\/wp-content\/uploads\/2023\/11\/WhatsApp-Image-2023-11-19-at-10.23.53-80x80.jpeg 80w, https:\/\/www.childrenofthearth.com\/wp-content\/uploads\/2023\/11\/WhatsApp-Image-2023-11-19-at-10.23.53-768x768.jpeg 768w, https:\/\/www.childrenofthearth.com\/wp-content\/uploads\/2023\/11\/WhatsApp-Image-2023-11-19-at-10.23.53-1536x1536.jpeg 1536w, https:\/\/www.childrenofthearth.com\/wp-content\/uploads\/2023\/11\/WhatsApp-Image-2023-11-19-at-10.23.53-12x12.jpeg 12w, https:\/\/www.childrenofthearth.com\/wp-content\/uploads\/2023\/11\/WhatsApp-Image-2023-11-19-at-10.23.53-36x36.jpeg 36w, https:\/\/www.childrenofthearth.com\/wp-content\/uploads\/2023\/11\/WhatsApp-Image-2023-11-19-at-10.23.53-180x180.jpeg 180w, https:\/\/www.childrenofthearth.com\/wp-content\/uploads\/2023\/11\/WhatsApp-Image-2023-11-19-at-10.23.53-1500x1500.jpeg 1500w, https:\/\/www.childrenofthearth.com\/wp-content\/uploads\/2023\/11\/WhatsApp-Image-2023-11-19-at-10.23.53-705x705.jpeg 705w\" sizes=\"(max-width: 2048px) 100vw, 2048px\" \/><\/div><\/div><\/div><\/div><div class='flex_column av-f7zaa7-d24d1f6d595df2fb9167f95cd8729fb1 av_one_third  avia-builder-el-11  el_after_av_one_third  el_before_av_one_third  kursfotolari flex_column_div'     ><style type=\"text\/css\" data-created_by=\"avia_inline_auto\" id=\"style-css-av-cf0633-e5ee23b2906f5cf18e381cda4618a8b7\">\n.avia-image-container.av-cf0633-e5ee23b2906f5cf18e381cda4618a8b7 img.avia_image{\nbox-shadow:none;\n}\n.avia-image-container.av-cf0633-e5ee23b2906f5cf18e381cda4618a8b7 .av-image-caption-overlay-center{\ncolor:#ffffff;\n}\n<\/style>\n<div  class='avia-image-container av-cf0633-e5ee23b2906f5cf18e381cda4618a8b7 av-styling- avia-align-center  avia-builder-el-12  avia-builder-el-no-sibling'   itemprop=\"image\" itemscope=\"itemscope\" itemtype=\"https:\/\/schema.org\/ImageObject\" ><div class=\"avia-image-container-inner\"><div class=\"avia-image-overlay-wrap\"><img decoding=\"async\" class='wp-image-6546 avia-img-lazy-loading-not-6546 avia_image' src=\"https:\/\/www.childrenofthearth.com\/wp-content\/uploads\/2023\/11\/WhatsApp-Image-2023-11-19-at-10.23.55.jpeg\" alt='' title='WhatsApp Image 2023-11-19 at 10.23.55'  height=\"2048\" width=\"2048\"  itemprop=\"thumbnailUrl\" srcset=\"https:\/\/www.childrenofthearth.com\/wp-content\/uploads\/2023\/11\/WhatsApp-Image-2023-11-19-at-10.23.55.jpeg 2048w, https:\/\/www.childrenofthearth.com\/wp-content\/uploads\/2023\/11\/WhatsApp-Image-2023-11-19-at-10.23.55-300x300.jpeg 300w, https:\/\/www.childrenofthearth.com\/wp-content\/uploads\/2023\/11\/WhatsApp-Image-2023-11-19-at-10.23.55-1030x1030.jpeg 1030w, https:\/\/www.childrenofthearth.com\/wp-content\/uploads\/2023\/11\/WhatsApp-Image-2023-11-19-at-10.23.55-80x80.jpeg 80w, https:\/\/www.childrenofthearth.com\/wp-content\/uploads\/2023\/11\/WhatsApp-Image-2023-11-19-at-10.23.55-768x768.jpeg 768w, https:\/\/www.childrenofthearth.com\/wp-content\/uploads\/2023\/11\/WhatsApp-Image-2023-11-19-at-10.23.55-1536x1536.jpeg 1536w, https:\/\/www.childrenofthearth.com\/wp-content\/uploads\/2023\/11\/WhatsApp-Image-2023-11-19-at-10.23.55-12x12.jpeg 12w, https:\/\/www.childrenofthearth.com\/wp-content\/uploads\/2023\/11\/WhatsApp-Image-2023-11-19-at-10.23.55-36x36.jpeg 36w, https:\/\/www.childrenofthearth.com\/wp-content\/uploads\/2023\/11\/WhatsApp-Image-2023-11-19-at-10.23.55-180x180.jpeg 180w, https:\/\/www.childrenofthearth.com\/wp-content\/uploads\/2023\/11\/WhatsApp-Image-2023-11-19-at-10.23.55-1500x1500.jpeg 1500w, https:\/\/www.childrenofthearth.com\/wp-content\/uploads\/2023\/11\/WhatsApp-Image-2023-11-19-at-10.23.55-705x705.jpeg 705w\" sizes=\"(max-width: 2048px) 100vw, 2048px\" \/><\/div><\/div><\/div><\/div><div class='flex_column av-efsmi7-3101758cbdfe0054a6e05a4168681097 av_one_third  avia-builder-el-13  el_after_av_one_third  el_before_av_one_third  kursfotolari flex_column_div'     ><style type=\"text\/css\" data-created_by=\"avia_inline_auto\" id=\"style-css-av-ljxz3nca-08e28240069b2af0a1ee75c9780f6648\">\n.avia-image-container.av-ljxz3nca-08e28240069b2af0a1ee75c9780f6648 img.avia_image{\nbox-shadow:none;\n}\n.avia-image-container.av-ljxz3nca-08e28240069b2af0a1ee75c9780f6648 .av-image-caption-overlay-center{\ncolor:#ffffff;\n}\n<\/style>\n<div  class='avia-image-container av-ljxz3nca-08e28240069b2af0a1ee75c9780f6648 av-styling- avia-align-center  avia-builder-el-14  avia-builder-el-no-sibling'   itemprop=\"image\" itemscope=\"itemscope\" itemtype=\"https:\/\/schema.org\/ImageObject\" ><div class=\"avia-image-container-inner\"><div class=\"avia-image-overlay-wrap\"><img decoding=\"async\" class='wp-image-6547 avia-img-lazy-loading-not-6547 avia_image' src=\"https:\/\/www.childrenofthearth.com\/wp-content\/uploads\/2023\/11\/WhatsApp-Image-2023-11-19-at-10.23.55-1.jpeg\" alt='' title='WhatsApp Image 2023-11-19 at 10.23.55 (1)'  height=\"2048\" width=\"2048\"  itemprop=\"thumbnailUrl\" srcset=\"https:\/\/www.childrenofthearth.com\/wp-content\/uploads\/2023\/11\/WhatsApp-Image-2023-11-19-at-10.23.55-1.jpeg 2048w, https:\/\/www.childrenofthearth.com\/wp-content\/uploads\/2023\/11\/WhatsApp-Image-2023-11-19-at-10.23.55-1-300x300.jpeg 300w, https:\/\/www.childrenofthearth.com\/wp-content\/uploads\/2023\/11\/WhatsApp-Image-2023-11-19-at-10.23.55-1-1030x1030.jpeg 1030w, https:\/\/www.childrenofthearth.com\/wp-content\/uploads\/2023\/11\/WhatsApp-Image-2023-11-19-at-10.23.55-1-80x80.jpeg 80w, https:\/\/www.childrenofthearth.com\/wp-content\/uploads\/2023\/11\/WhatsApp-Image-2023-11-19-at-10.23.55-1-768x768.jpeg 768w, https:\/\/www.childrenofthearth.com\/wp-content\/uploads\/2023\/11\/WhatsApp-Image-2023-11-19-at-10.23.55-1-1536x1536.jpeg 1536w, https:\/\/www.childrenofthearth.com\/wp-content\/uploads\/2023\/11\/WhatsApp-Image-2023-11-19-at-10.23.55-1-12x12.jpeg 12w, https:\/\/www.childrenofthearth.com\/wp-content\/uploads\/2023\/11\/WhatsApp-Image-2023-11-19-at-10.23.55-1-36x36.jpeg 36w, https:\/\/www.childrenofthearth.com\/wp-content\/uploads\/2023\/11\/WhatsApp-Image-2023-11-19-at-10.23.55-1-180x180.jpeg 180w, https:\/\/www.childrenofthearth.com\/wp-content\/uploads\/2023\/11\/WhatsApp-Image-2023-11-19-at-10.23.55-1-1500x1500.jpeg 1500w, https:\/\/www.childrenofthearth.com\/wp-content\/uploads\/2023\/11\/WhatsApp-Image-2023-11-19-at-10.23.55-1-705x705.jpeg 705w\" sizes=\"(max-width: 2048px) 100vw, 2048px\" \/><\/div><\/div><\/div><\/div><div class='flex_column av-mt1a7-f78c52a32d7ea9bcb781449a085e4db5 av_one_third  avia-builder-el-15  el_after_av_one_third  el_before_av_one_third  kursfotolari first flex_column_div column-top-margin'     ><style type=\"text\/css\" data-created_by=\"avia_inline_auto\" id=\"style-css-av-ljycc93i-282344e18d200330c265d21b47c7cd8d\">\n.avia-image-container.av-ljycc93i-282344e18d200330c265d21b47c7cd8d img.avia_image{\nbox-shadow:none;\n}\n.avia-image-container.av-ljycc93i-282344e18d200330c265d21b47c7cd8d .av-image-caption-overlay-center{\ncolor:#ffffff;\n}\n<\/style>\n<div  class='avia-image-container av-ljycc93i-282344e18d200330c265d21b47c7cd8d av-styling- avia-align-center  avia-builder-el-16  avia-builder-el-no-sibling'   itemprop=\"image\" itemscope=\"itemscope\" itemtype=\"https:\/\/schema.org\/ImageObject\" ><div class=\"avia-image-container-inner\"><div class=\"avia-image-overlay-wrap\"><img decoding=\"async\" class='wp-image-6548 avia-img-lazy-loading-not-6548 avia_image' src=\"https:\/\/www.childrenofthearth.com\/wp-content\/uploads\/2023\/11\/WhatsApp-Image-2023-11-19-at-10.23.55-2.jpeg\" alt='' title='WhatsApp Image 2023-11-19 at 10.23.55 (2)'  height=\"2048\" width=\"1152\"  itemprop=\"thumbnailUrl\" srcset=\"https:\/\/www.childrenofthearth.com\/wp-content\/uploads\/2023\/11\/WhatsApp-Image-2023-11-19-at-10.23.55-2.jpeg 1152w, https:\/\/www.childrenofthearth.com\/wp-content\/uploads\/2023\/11\/WhatsApp-Image-2023-11-19-at-10.23.55-2-169x300.jpeg 169w, https:\/\/www.childrenofthearth.com\/wp-content\/uploads\/2023\/11\/WhatsApp-Image-2023-11-19-at-10.23.55-2-579x1030.jpeg 579w, https:\/\/www.childrenofthearth.com\/wp-content\/uploads\/2023\/11\/WhatsApp-Image-2023-11-19-at-10.23.55-2-768x1365.jpeg 768w, https:\/\/www.childrenofthearth.com\/wp-content\/uploads\/2023\/11\/WhatsApp-Image-2023-11-19-at-10.23.55-2-864x1536.jpeg 864w, https:\/\/www.childrenofthearth.com\/wp-content\/uploads\/2023\/11\/WhatsApp-Image-2023-11-19-at-10.23.55-2-7x12.jpeg 7w, https:\/\/www.childrenofthearth.com\/wp-content\/uploads\/2023\/11\/WhatsApp-Image-2023-11-19-at-10.23.55-2-844x1500.jpeg 844w, https:\/\/www.childrenofthearth.com\/wp-content\/uploads\/2023\/11\/WhatsApp-Image-2023-11-19-at-10.23.55-2-397x705.jpeg 397w\" sizes=\"(max-width: 1152px) 100vw, 1152px\" \/><\/div><\/div><\/div><\/div><div class='flex_column av-4xr3gv-734b580de05eb70deed107d241f594c4 av_one_third  avia-builder-el-17  el_after_av_one_third  el_before_av_one_third  kursfotolari flex_column_div column-top-margin'     ><\/div><div class='flex_column av-npkv-9be072d69375d4760f771aaf1cbca725 av_one_third  avia-builder-el-18  el_after_av_one_third  avia-builder-el-last  kursfotolari flex_column_div column-top-margin'     ><\/div><\/p>","protected":false},"excerpt":{"rendered":"","protected":false},"author":1,"featured_media":0,"parent":6239,"menu_order":0,"comment_status":"closed","ping_status":"closed","template":"","meta":{"inline_featured_image":false,"footnotes":""},"class_list":["post-6544","page","type-page","status-publish","hentry"],"_links":{"self":[{"href":"https:\/\/www.childrenofthearth.com\/tr\/wp-json\/wp\/v2\/pages\/6544","targetHints":{"allow":["GET"]}}],"collection":[{"href":"https:\/\/www.childrenofthearth.com\/tr\/wp-json\/wp\/v2\/pages"}],"about":[{"href":"https:\/\/www.childrenofthearth.com\/tr\/wp-json\/wp\/v2\/types\/page"}],"author":[{"embeddable":true,"href":"https:\/\/www.childrenofthearth.com\/tr\/wp-json\/wp\/v2\/users\/1"}],"replies":[{"embeddable":true,"href":"https:\/\/www.childrenofthearth.com\/tr\/wp-json\/wp\/v2\/comments?post=6544"}],"version-history":[{"count":2,"href":"https:\/\/www.childrenofthearth.com\/tr\/wp-json\/wp\/v2\/pages\/6544\/revisions"}],"predecessor-version":[{"id":6550,"href":"https:\/\/www.childrenofthearth.com\/tr\/wp-json\/wp\/v2\/pages\/6544\/revisions\/6550"}],"up":[{"embeddable":true,"href":"https:\/\/www.childrenofthearth.com\/tr\/wp-json\/wp\/v2\/pages\/6239"}],"wp:attachment":[{"href":"https:\/\/www.childrenofthearth.com\/tr\/wp-json\/wp\/v2\/media?parent=6544"}],"curies":[{"name":"wp","href":"https:\/\/api.w.org\/{rel}","templated":true}]}}