{"id":6239,"date":"2023-06-10T06:39:55","date_gmt":"2023-06-10T06:39:55","guid":{"rendered":"https:\/\/www.childrenofthearth.com\/?page_id=6239"},"modified":"2026-02-07T13:42:02","modified_gmt":"2026-02-07T13:42:02","slug":"online-kurslar","status":"publish","type":"page","link":"https:\/\/www.childrenofthearth.com\/tr\/online-kurslar\/","title":{"rendered":"Online Kurslar"},"content":{"rendered":"<style type=\"text\/css\" data-created_by=\"avia_inline_auto\" id=\"style-css-av-lhfvdfqb-a4b005d3650884e5e1f8346299662ebf\">\n.avia-section.av-lhfvdfqb-a4b005d3650884e5e1f8346299662ebf{\nbackground-repeat:no-repeat;\nbackground-image:url(https:\/\/www.childrenofthearth.com\/wp-content\/uploads\/2023\/05\/retreats.jpg);\nbackground-position:50% 50%;\nbackground-attachment:scroll;\n}\n.avia-section.av-lhfvdfqb-a4b005d3650884e5e1f8346299662ebf .av-section-color-overlay{\nopacity:0.3;\nbackground-color:#000000;\n}\n<\/style>\n<div id='retrats'  class='avia-section av-lhfvdfqb-a4b005d3650884e5e1f8346299662ebf main_color avia-section-default avia-no-border-styling  avia-builder-el-0  el_before_av_section  avia-builder-el-first  avia-bg-style-scroll av-section-color-overlay-active container_wrap fullsize'  data-section-bg-repeat='no-repeat'><div class=\"av-section-color-overlay-wrap\"><div class=\"av-section-color-overlay\"><\/div><div class='container av-section-cont-open' ><main  role=\"main\" itemprop=\"mainContentOfPage\"  class='template-page content  av-content-full alpha units'><div class='post-entry post-entry-type-page post-entry-6239'><div class='entry-content-wrapper clearfix'>\n\n<style type=\"text\/css\" data-created_by=\"avia_inline_auto\" id=\"style-css-av-lhhfe0hu-6b1763e53040e3a23261f98178a10b5e\">\n#top .hr.hr-invisible.av-lhhfe0hu-6b1763e53040e3a23261f98178a10b5e{\nheight:20px;\n}\n<\/style>\n<div  class='hr av-lhhfe0hu-6b1763e53040e3a23261f98178a10b5e hr-invisible  avia-builder-el-1  el_before_av_heading  avia-builder-el-first'><span class='hr-inner'><span class=\"hr-inner-style\"><\/span><\/span><\/div>\n\n<style type=\"text\/css\" data-created_by=\"avia_inline_auto\" id=\"style-css-av-lhfvfys2-22634a151a4b03754211e0eb46904460\">\n#top .av-special-heading.av-lhfvfys2-22634a151a4b03754211e0eb46904460{\npadding-bottom:10px;\ncolor:#ffffff;\n}\nbody .av-special-heading.av-lhfvfys2-22634a151a4b03754211e0eb46904460 .av-special-heading-tag .heading-char{\nfont-size:25px;\n}\n.av-special-heading.av-lhfvfys2-22634a151a4b03754211e0eb46904460 .special-heading-inner-border{\nborder-color:#ffffff;\n}\n.av-special-heading.av-lhfvfys2-22634a151a4b03754211e0eb46904460 .av-subheading{\nfont-size:15px;\n}\n<\/style>\n<div  class='av-special-heading av-lhfvfys2-22634a151a4b03754211e0eb46904460 av-special-heading-h2 custom-color-heading blockquote modern-quote modern-centered  avia-builder-el-2  el_after_av_hr  el_before_av_hr'><h2 class='av-special-heading-tag'  itemprop=\"headline\"  >Online Kurslar<\/h2><div class='av_custom_color av-subheading av-subheading_below'><p>\u00f6zg\u00fcrl\u00fc\u011fe yolculuk<\/p>\n<\/div><div class=\"special-heading-border\"><div class=\"special-heading-inner-border\"><\/div><\/div><\/div>\n\n<style type=\"text\/css\" data-created_by=\"avia_inline_auto\" id=\"style-css-av-lhhfe8rg-13d178b94dbfcae93d8eca96738dc284\">\n#top .hr.hr-invisible.av-lhhfe8rg-13d178b94dbfcae93d8eca96738dc284{\nheight:150px;\n}\n<\/style>\n<div  class='hr av-lhhfe8rg-13d178b94dbfcae93d8eca96738dc284 hr-invisible  avia-builder-el-3  el_after_av_heading  avia-builder-el-last'><span class='hr-inner'><span class=\"hr-inner-style\"><\/span><\/span><\/div>\n\n<\/div><\/div><\/main><!-- close content main element --><\/div><\/div><\/div>\n<style type=\"text\/css\" data-created_by=\"avia_inline_auto\" id=\"style-css-av-eegkh-d99f6743a4174753d7acad40fb41f099\">\n.avia-section.av-eegkh-d99f6743a4174753d7acad40fb41f099{\nbackground-color:#f3dbd0;\nbackground-image:unset;\n}\n<\/style>\n<div id='program'  class='avia-section av-eegkh-d99f6743a4174753d7acad40fb41f099 main_color avia-section-default avia-no-border-styling  avia-builder-el-4  el_after_av_section  el_before_av_one_full  avia-bg-style-scroll container_wrap fullsize'  ><div class='container av-section-cont-open' ><div class='template-page content  av-content-full alpha units'><div class='post-entry post-entry-type-page post-entry-6239'><div class='entry-content-wrapper clearfix'>\n<div class='flex_column av-89f09-a113d8bf3a079bd612315d7b04f2fab7 av_one_full  avia-builder-el-5  avia-builder-el-no-sibling  kursaciklama first flex_column_div'     ><section  class='av_textblock_section av-lhk1a34m-8f35b6ae4ac628a839ba2735eb33fadd'  itemscope=\"itemscope\" itemtype=\"https:\/\/schema.org\/CreativeWork\" ><div class='avia_textblock yazar'  itemprop=\"text\" ><p style=\"text-align: center;\">23 Temmuz\u2019da ilk \u0130yi\u2019le\u015fme Sanat\u0131 Online kursu ba\u015fl\u0131yor. Kay\u0131t i\u00e7in <a> SON 2 G\u00dcN<\/a>. Detayl\u0131 bilgi ve kay\u0131t i\u00e7in mailinizi yazabilirsiniz.<\/p>\n<p style=\"text-align: center;\">Telefonla sorular\u0131n\u0131z i\u00e7in <a href=\"tel: 90 5305220151\">+90 530 522 01 51<\/a> i arayabilirsiniz.<\/p>\n<\/div><\/section><br \/>\n\n<style type=\"text\/css\" data-created_by=\"avia_inline_auto\" id=\"style-css-av-ljxy825n-04ba4ed8cb0c9bbee6f7193892f7c9a0\">\n#top .hr.hr-invisible.av-ljxy825n-04ba4ed8cb0c9bbee6f7193892f7c9a0{\nheight:20px;\n}\n<\/style>\n<div  class='hr av-ljxy825n-04ba4ed8cb0c9bbee6f7193892f7c9a0 hr-invisible  avia-builder-el-7  el_after_av_textblock  el_before_av_codeblock'><span class='hr-inner'><span class=\"hr-inner-style\"><\/span><\/span><\/div><br \/>\n<\/p><\/div>\n<\/div><\/div><\/div><!-- close content main div --><\/div><\/div><div id='after_section_2'  class='main_color av_default_container_wrap container_wrap fullsize'  ><div class='container av-section-cont-open' ><div class='template-page content  av-content-full alpha units'><div class='post-entry post-entry-type-page post-entry-6239'><div class='entry-content-wrapper clearfix'>\n<div class='flex_column av-2u647z-44ce10796135a913032dee2e25413908 av_one_full  avia-builder-el-9  el_after_av_section  avia-builder-el-no-sibling  first flex_column_div'     ><p>\n<style type=\"text\/css\" data-created_by=\"avia_inline_auto\" id=\"style-css-av-mlccd7q3-37e1cb887460af19cacb0091e4948566\">\n#top .hr.hr-invisible.av-mlccd7q3-37e1cb887460af19cacb0091e4948566{\nheight:200px;\n}\n<\/style>\n<div  class='hr av-mlccd7q3-37e1cb887460af19cacb0091e4948566 hr-invisible  avia-builder-el-10  el_before_av_textblock  avia-builder-el-first'><span class='hr-inner'><span class=\"hr-inner-style\"><\/span><\/span><\/div><br \/>\n\n<style type=\"text\/css\" data-created_by=\"avia_inline_auto\" id=\"style-css-av-mlcc9gpb-8b918f1d53b3e95872faf9a5e1911d6d\">\n#top .av_textblock_section.av-mlcc9gpb-8b918f1d53b3e95872faf9a5e1911d6d .avia_textblock{\nfont-size:24px;\n}\n<\/style>\n<section  class='av_textblock_section av-mlcc9gpb-8b918f1d53b3e95872faf9a5e1911d6d'  itemscope=\"itemscope\" itemtype=\"https:\/\/schema.org\/CreativeWork\" ><div class='avia_textblock'  itemprop=\"text\" ><h3><\/h3>\n<h3><\/h3>\n<h3><\/h3>\n<p style=\"text-align: center;\">\u00c7ok yak\u0131nda...<\/p>\n<\/div><\/section><br \/>\n\n<style type=\"text\/css\" data-created_by=\"avia_inline_auto\" id=\"style-css-av-mlccbca9-da528e6ad29a9f76e842f5ddea7e5c18\">\n#top .hr.hr-invisible.av-mlccbca9-da528e6ad29a9f76e842f5ddea7e5c18{\nheight:500px;\n}\n<\/style>\n<div  class='hr av-mlccbca9-da528e6ad29a9f76e842f5ddea7e5c18 hr-invisible  avia-builder-el-12  el_after_av_textblock  avia-builder-el-last'><span class='hr-inner'><span class=\"hr-inner-style\"><\/span><\/span><\/div><\/p><\/div>","protected":false},"excerpt":{"rendered":"","protected":false},"author":1,"featured_media":0,"parent":0,"menu_order":0,"comment_status":"closed","ping_status":"closed","template":"","meta":{"inline_featured_image":false,"footnotes":""},"class_list":["post-6239","page","type-page","status-publish","hentry"],"_links":{"self":[{"href":"https:\/\/www.childrenofthearth.com\/tr\/wp-json\/wp\/v2\/pages\/6239","targetHints":{"allow":["GET"]}}],"collection":[{"href":"https:\/\/www.childrenofthearth.com\/tr\/wp-json\/wp\/v2\/pages"}],"about":[{"href":"https:\/\/www.childrenofthearth.com\/tr\/wp-json\/wp\/v2\/types\/page"}],"author":[{"embeddable":true,"href":"https:\/\/www.childrenofthearth.com\/tr\/wp-json\/wp\/v2\/users\/1"}],"replies":[{"embeddable":true,"href":"https:\/\/www.childrenofthearth.com\/tr\/wp-json\/wp\/v2\/comments?post=6239"}],"version-history":[{"count":32,"href":"https:\/\/www.childrenofthearth.com\/tr\/wp-json\/wp\/v2\/pages\/6239\/revisions"}],"predecessor-version":[{"id":6858,"href":"https:\/\/www.childrenofthearth.com\/tr\/wp-json\/wp\/v2\/pages\/6239\/revisions\/6858"}],"wp:attachment":[{"href":"https:\/\/www.childrenofthearth.com\/tr\/wp-json\/wp\/v2\/media?parent=6239"}],"curies":[{"name":"wp","href":"https:\/\/api.w.org\/{rel}","templated":true}]}}