{"id":3507,"date":"2023-05-03T11:08:26","date_gmt":"2023-05-03T11:08:26","guid":{"rendered":"http:\/\/www.childrenofthearth.com\/?page_id=3507"},"modified":"2023-06-08T10:51:53","modified_gmt":"2023-06-08T10:51:53","slug":"philosophy","status":"publish","type":"page","link":"https:\/\/www.childrenofthearth.com\/tr\/philosophy\/","title":{"rendered":"Felsefemiz"},"content":{"rendered":"<style type=\"text\/css\" data-created_by=\"avia_inline_auto\" id=\"style-css-av-lhusn3yk-55666627d9510c486b050c23ccce9ccb\">\n.avia-section.av-lhusn3yk-55666627d9510c486b050c23ccce9ccb{\nbackground-repeat:no-repeat;\nbackground-image:url(https:\/\/www.childrenofthearth.com\/wp-content\/uploads\/2023\/05\/545.jpg);\nbackground-position:50% 50%;\nbackground-attachment:scroll;\n}\n.avia-section.av-lhusn3yk-55666627d9510c486b050c23ccce9ccb .av-section-color-overlay{\nopacity:0.4;\nbackground-color:#000000;\n}\n<\/style>\n<div id='philosophi'  class='avia-section av-lhusn3yk-55666627d9510c486b050c23ccce9ccb main_color avia-section-default avia-no-border-styling  avia-builder-el-0  el_before_av_section  avia-builder-el-first  avia-bg-style-scroll av-section-color-overlay-active container_wrap fullsize'  data-section-bg-repeat='no-repeat'><div class=\"av-section-color-overlay-wrap\"><div class=\"av-section-color-overlay\"><\/div><div class='container av-section-cont-open' ><main  role=\"main\" itemprop=\"mainContentOfPage\"  class='template-page content  av-content-full alpha units'><div class='post-entry post-entry-type-page post-entry-3507'><div class='entry-content-wrapper clearfix'>\n\n<style type=\"text\/css\" data-created_by=\"avia_inline_auto\" id=\"style-css-av-lhust8c2-515bf2e02f654ef3fe1bd653b1554b18\">\n#top .hr.hr-invisible.av-lhust8c2-515bf2e02f654ef3fe1bd653b1554b18{\nheight:100px;\n}\n<\/style>\n<div  class='hr av-lhust8c2-515bf2e02f654ef3fe1bd653b1554b18 hr-invisible  avia-builder-el-1  el_before_av_heading  avia-builder-el-first'><span class='hr-inner'><span class=\"hr-inner-style\"><\/span><\/span><\/div>\n\n<style type=\"text\/css\" data-created_by=\"avia_inline_auto\" id=\"style-css-av-lhusocpt-6548560c358dafb444dde1c3393ebc26\">\n#top .av-special-heading.av-lhusocpt-6548560c358dafb444dde1c3393ebc26{\npadding-bottom:10px;\ncolor:#ffffff;\n}\nbody .av-special-heading.av-lhusocpt-6548560c358dafb444dde1c3393ebc26 .av-special-heading-tag .heading-char{\nfont-size:25px;\n}\n.av-special-heading.av-lhusocpt-6548560c358dafb444dde1c3393ebc26 .special-heading-inner-border{\nborder-color:#ffffff;\n}\n.av-special-heading.av-lhusocpt-6548560c358dafb444dde1c3393ebc26 .av-subheading{\nfont-size:15px;\n}\n<\/style>\n<div  class='av-special-heading av-lhusocpt-6548560c358dafb444dde1c3393ebc26 av-special-heading-h2 custom-color-heading blockquote modern-quote modern-centered  avia-builder-el-2  el_after_av_hr  el_before_av_hr'><div class='av_custom_color av-subheading av-subheading_above'><p>Bu fikir nereden do\u011fdu?<\/p>\n<\/div><h2 class='av-special-heading-tag'  itemprop=\"headline\"  >Felsefemiz<\/h2><div class=\"special-heading-border\"><div class=\"special-heading-inner-border\"><\/div><\/div><\/div>\n\n<style type=\"text\/css\" data-created_by=\"avia_inline_auto\" id=\"style-css-av-lhustim3-e48697dd5405ab0fbe88bcd496c47b0c\">\n#top .hr.hr-invisible.av-lhustim3-e48697dd5405ab0fbe88bcd496c47b0c{\nheight:130px;\n}\n<\/style>\n<div  class='hr av-lhustim3-e48697dd5405ab0fbe88bcd496c47b0c hr-invisible  avia-builder-el-3  el_after_av_heading  avia-builder-el-last'><span class='hr-inner'><span class=\"hr-inner-style\"><\/span><\/span><\/div>\n\n<\/div><\/div><\/main><!-- close content main element --><\/div><\/div><\/div><div id='philosophy'  class='avia-section av-6y8rz7-201fa45e5496e2a464374bcecae76942 main_color avia-section-default avia-no-border-styling  avia-builder-el-4  el_after_av_section  avia-builder-el-last  avia-bg-style-scroll container_wrap fullsize'  ><div class='container av-section-cont-open' ><div class='template-page content  av-content-full alpha units'><div class='post-entry post-entry-type-page post-entry-3507'><div class='entry-content-wrapper clearfix'>\n<div class='flex_column_table av-5zlckj-7ffe03a594c47b7c047a547e0cc4aea5 sc-av_one_half av-equal-height-column-flextable'><div class='flex_column av-5zlckj-7ffe03a594c47b7c047a547e0cc4aea5 av_one_half  avia-builder-el-5  el_before_av_one_half  avia-builder-el-first  first flex_column_table_cell av-equal-height-column av-align-middle'     id=\"metin\"  ><p>\n<style type=\"text\/css\" data-created_by=\"avia_inline_auto\" id=\"style-css-av-428kb7-88097d3797331b4bdec825590c0df027\">\n#top .av-special-heading.av-428kb7-88097d3797331b4bdec825590c0df027{\npadding-bottom:10px;\n}\nbody .av-special-heading.av-428kb7-88097d3797331b4bdec825590c0df027 .av-special-heading-tag .heading-char{\nfont-size:25px;\n}\n.av-special-heading.av-428kb7-88097d3797331b4bdec825590c0df027 .av-subheading{\nfont-size:15px;\n}\n<\/style>\n<div  class='av-special-heading av-428kb7-88097d3797331b4bdec825590c0df027 av-special-heading-h3  avia-builder-el-6  el_before_av_hr  avia-builder-el-first'><h3 class='av-special-heading-tag'  itemprop=\"headline\"  >Felsefemiz<\/h3><div class=\"special-heading-border\"><div class=\"special-heading-inner-border\"><\/div><\/div><\/div><br \/>\n\n<style type=\"text\/css\" data-created_by=\"avia_inline_auto\" id=\"style-css-av-lh7o8a1j-93f6b1989bad09b7a99ec2509cd51b06\">\n#top .hr.hr-invisible.av-lh7o8a1j-93f6b1989bad09b7a99ec2509cd51b06{\nheight:20px;\n}\n<\/style>\n<div  class='hr av-lh7o8a1j-93f6b1989bad09b7a99ec2509cd51b06 hr-invisible  avia-builder-el-7  el_after_av_heading  el_before_av_textblock'><span class='hr-inner'><span class=\"hr-inner-style\"><\/span><\/span><\/div><br \/>\n\n<style type=\"text\/css\" data-created_by=\"avia_inline_auto\" id=\"style-css-av-lh7o1d7w-97b25924e6b49b444dfb9c3c9bb4cd55\">\n#top .av_textblock_section.av-lh7o1d7w-97b25924e6b49b444dfb9c3c9bb4cd55 .avia_textblock{\nfont-size:15px;\n}\n<\/style>\n<section  class='av_textblock_section av-lh7o1d7w-97b25924e6b49b444dfb9c3c9bb4cd55'  itemscope=\"itemscope\" itemtype=\"https:\/\/schema.org\/CreativeWork\" ><div class='avia_textblock'  itemprop=\"text\" ><p>D\u00fcnyan\u0131n \u00c7ocuklar\u0131 olarak hepimiz birbirimize ve evimiz dedi\u011fimiz bu g\u00fczel gezegene ba\u011fl\u0131y\u0131z. Bu d\u00fcnyaya merak ve merak duygusuyla, \u00e7evremizdeki d\u00fcnyay\u0131 ke\u015ffetmeye ve \u00f6\u011frenmeye istekli olarak do\u011fuyoruz.<\/p>\n<p>B\u00fcy\u00fcy\u00fcp olgunla\u015ft\u0131k\u00e7a ya\u015fam\u0131n daha derin gizemlerini ve evrendeki yerimizi anlamaya ba\u015flar\u0131z. Do\u011fadan ayr\u0131 olmad\u0131\u011f\u0131m\u0131z\u0131, onun ayr\u0131lmaz bir par\u00e7as\u0131 oldu\u011fumuzu g\u00f6rmeye ba\u015fl\u0131yoruz. Bizler bu d\u00fcnyan\u0131n hizmetk\u00e2rlar\u0131y\u0131z, ona ve onun t\u00fcm sakinlerine bakma sorumlulu\u011fuyla g\u00f6revlendirildik.<\/p>\n<p>D\u00fcnyan\u0131n baz\u0131 \u00e7ocuklar\u0131 i\u00e7in ya\u015fam yolculuklar\u0131 \u00e7ocukluk travmalar\u0131yla g\u00f6lgelendi. Travma istismar, ihmal, \u015fiddet, kay\u0131p ve daha fazlas\u0131n\u0131 i\u00e7eren bir\u00e7ok bi\u00e7imde olabilir. Bu deneyimler, yeti\u015fkinli\u011fe kadar devam edebilecek ve ki\u015finin etraf\u0131ndaki d\u00fcnyayla ili\u015fkisini etkileyebilecek derin duygusal yaralara neden olabilir.<\/p>\n<p>Travma ya\u015fayan \u00e7ocuklar do\u011fayla ve di\u011fer canl\u0131larla ba\u011flant\u0131 kurmakta zorlanabilirler. Kendi ruh duygular\u0131ndan kopmu\u015f hissedebilirler ve ya\u015famlar\u0131nda bir ama\u00e7 ve anlam duygusu bulmakta zorlanabilirler. \u00c7evrelerindeki d\u00fcnyayla tam olarak etkile\u015fime girmeyi zorla\u015ft\u0131ran kayg\u0131, depresyon ve di\u011fer zihinsel sa\u011fl\u0131k sorunlar\u0131 ya\u015fayabilirler.<\/p>\n<p>\u00c7ocukluk \u00e7a\u011f\u0131 travmas\u0131n\u0131 \u00f6nlemek m\u00fcmk\u00fcnd\u00fcr ve bireylerin, ailelerin, topluluklar\u0131n ve bir b\u00fct\u00fcn olarak toplumun ortak \u00e7abas\u0131n\u0131 gerektirir. \u00d6nleme \u00e7abalar\u0131na yat\u0131r\u0131m yaparak d\u00fcnyadaki t\u00fcm \u00e7ocuklar\u0131n geli\u015fip tam potansiyellerine ula\u015fabilecekleri bir d\u00fcnya yaratabiliriz.<\/p>\n<p>\u00c7ocukluk \u00e7a\u011f\u0131 travmalar\u0131n\u0131 \u00f6nlemek i\u00e7in atabilece\u011fimiz en \u00f6nemli ad\u0131mlardan biri \u00e7ocuklara g\u00fcvenli ve besleyici bir ortam sa\u011flamakt\u0131r.<\/p>\n<p>Parents, and in particular mothers. We all need support in order to prevent and heal childhood trauma. Parenting can be a challenging and demanding role, and it is essential that parents have access to the resources and support they need to provide a safe and nurturing environment for their children.<\/p>\n<p>\u00d6zellikle anneler s\u0131kl\u0131kla bak\u0131m verme y\u00fck\u00fcn\u00fc \u00fcstleniyorlar ve do\u011fum sonras\u0131 depresyon, mali stres ve sosyal destek eksikli\u011fi gibi ek zorluklarla kar\u015f\u0131la\u015fabiliyorlar. Annelerin, ebeveynli\u011fin zorluklar\u0131yla ba\u015fa \u00e7\u0131kmalar\u0131na yard\u0131mc\u0131 olacak anne ruh sa\u011fl\u0131\u011f\u0131 bak\u0131m\u0131, mali yard\u0131m ve ebeveynlik e\u011fitim programlar\u0131 gibi kaynaklara eri\u015febilmeleri \u00e7ok \u00f6nemlidir.<\/p>\n<p>Ebeveynleri ve anneleri destekleyerek t\u00fcm \u00e7ocuklar\u0131n iyili\u011fine de\u011fer veren ve \u00e7ocukluk travmalar\u0131n\u0131 \u00f6nlemeye kararl\u0131 bir toplum yaratabiliriz. Sonu\u00e7ta bu, gelecek neslin sa\u011fl\u0131\u011f\u0131na ve mutlulu\u011funa yat\u0131r\u0131m yapt\u0131\u011f\u0131m\u0131z i\u00e7in yaln\u0131zca bireysel ailelere de\u011fil, bir b\u00fct\u00fcn olarak topluma fayda sa\u011flar.<\/p>\n<p>Biz D\u00fcnyan\u0131n \u00c7ocuklar\u0131 olarak do\u011fan\u0131n ama\u00e7lad\u0131\u011f\u0131 gibi bar\u0131\u015f ve uyum i\u00e7inde ya\u015fayabiliriz.<\/p>\n<\/div><\/section><\/p><\/div><div class='av-flex-placeholder'><\/div><div class='flex_column av-29hgk3-15bd77cc64f0ba5bde279ee2133bbb59 av_one_half  avia-builder-el-9  el_after_av_one_half  avia-builder-el-last  flex_column_table_cell av-equal-height-column av-align-middle'     ><style type=\"text\/css\" data-created_by=\"avia_inline_auto\" id=\"style-css-av-lh7odhul-0144d79ca43812c5d778ae9a26d81a98\">\n.avia-image-container.av-lh7odhul-0144d79ca43812c5d778ae9a26d81a98 img.avia_image{\nbox-shadow:none;\n}\n.avia-image-container.av-lh7odhul-0144d79ca43812c5d778ae9a26d81a98 .av-image-caption-overlay-center{\ncolor:#ffffff;\n}\n.avia-image-container.av-lh7odhul-0144d79ca43812c5d778ae9a26d81a98 .avia-curtain-reveal-overlay{\nbackground:#f7f7f7;\nz-index:100;\n}\n<\/style>\n<div  class='avia-image-container av-lh7odhul-0144d79ca43812c5d778ae9a26d81a98 av-styling- avia-align-center  avia-builder-el-10  avia-builder-el-no-sibling  hamilekadin'   itemprop=\"image\" itemscope=\"itemscope\" itemtype=\"https:\/\/schema.org\/ImageObject\" ><div class=\"avia-image-container-inner\"><div class=\"avia-image-overlay-wrap\"><div class='avia-curtain-reveal-overlay av-animated-when-visible-95 animate-all-devices curtain-reveal-rtl'><\/div><img decoding=\"async\" class='wp-image-3823 avia-img-lazy-loading-not-3823 avia_image' src=\"https:\/\/www.childrenofthearth.com\/wp-content\/uploads\/2023\/05\/PHOTO-2023-04-10-15-33-31-2.jpg\" alt='' title='PHOTO-2023-04-10-15-33-31 2'  height=\"1024\" width=\"768\"  itemprop=\"thumbnailUrl\" srcset=\"https:\/\/www.childrenofthearth.com\/wp-content\/uploads\/2023\/05\/PHOTO-2023-04-10-15-33-31-2.jpg 768w, https:\/\/www.childrenofthearth.com\/wp-content\/uploads\/2023\/05\/PHOTO-2023-04-10-15-33-31-2-225x300.jpg 225w, https:\/\/www.childrenofthearth.com\/wp-content\/uploads\/2023\/05\/PHOTO-2023-04-10-15-33-31-2-529x705.jpg 529w\" sizes=\"(max-width: 768px) 100vw, 768px\" \/><\/div><\/div><\/div><\/div><\/div><!--close column table wrapper. Autoclose: 1 -->","protected":false},"excerpt":{"rendered":"","protected":false},"author":1,"featured_media":0,"parent":0,"menu_order":0,"comment_status":"closed","ping_status":"closed","template":"","meta":{"inline_featured_image":false,"footnotes":""},"class_list":["post-3507","page","type-page","status-publish","hentry"],"_links":{"self":[{"href":"https:\/\/www.childrenofthearth.com\/tr\/wp-json\/wp\/v2\/pages\/3507","targetHints":{"allow":["GET"]}}],"collection":[{"href":"https:\/\/www.childrenofthearth.com\/tr\/wp-json\/wp\/v2\/pages"}],"about":[{"href":"https:\/\/www.childrenofthearth.com\/tr\/wp-json\/wp\/v2\/types\/page"}],"author":[{"embeddable":true,"href":"https:\/\/www.childrenofthearth.com\/tr\/wp-json\/wp\/v2\/users\/1"}],"replies":[{"embeddable":true,"href":"https:\/\/www.childrenofthearth.com\/tr\/wp-json\/wp\/v2\/comments?post=3507"}],"version-history":[{"count":32,"href":"https:\/\/www.childrenofthearth.com\/tr\/wp-json\/wp\/v2\/pages\/3507\/revisions"}],"predecessor-version":[{"id":6227,"href":"https:\/\/www.childrenofthearth.com\/tr\/wp-json\/wp\/v2\/pages\/3507\/revisions\/6227"}],"wp:attachment":[{"href":"https:\/\/www.childrenofthearth.com\/tr\/wp-json\/wp\/v2\/media?parent=3507"}],"curies":[{"name":"wp","href":"https:\/\/api.w.org\/{rel}","templated":true}]}}