{"id":3,"date":"2023-05-01T20:18:27","date_gmt":"2023-05-01T20:18:27","guid":{"rendered":"http:\/\/www.childrenofthearth.com\/?page_id=3"},"modified":"2023-05-16T06:15:09","modified_gmt":"2023-05-16T06:15:09","slug":"privacy-policy","status":"publish","type":"page","link":"https:\/\/www.childrenofthearth.com\/tr\/privacy-policy\/","title":{"rendered":"Gizlilik Politikas\u0131"},"content":{"rendered":"<div id='haklar'  class='avia-section av-glb-8ac6eccce30b498351861b2519043217 main_color avia-section-default avia-no-border-styling  avia-builder-el-0  avia-builder-el-no-sibling  avia-bg-style-scroll container_wrap fullsize'  ><div class='container av-section-cont-open' ><main  role=\"main\" itemprop=\"mainContentOfPage\"  class='template-page content  av-content-full alpha units'><div class='post-entry post-entry-type-page post-entry-3'><div class='entry-content-wrapper clearfix'>\n<section  class='av_textblock_section av-2yen-d2c8ecb1d09a9468c571f8572778931f'  itemscope=\"itemscope\" itemtype=\"https:\/\/schema.org\/CreativeWork\" ><div class='avia_textblock'  itemprop=\"text\" ><h1>Personal Data collected for the following purposes and using the following services:<\/h1>\n<h2 style=\"text-align: left;\">Kullan\u0131c\u0131yla \u0130leti\u015fime Ge\u00e7me<\/h2>\n<h4>\u0130leti\u015fim formu<\/h4>\n<p>Ki\u015fisel Veriler: adres; \u015fehir; firma ad\u0131; \u00fclke; e-posta adresi; ilk ad\u0131; soy isim<\/p>\n<h2 class=\"top-space\" style=\"text-align: left;\">\u0130\u00e7erik Yorumlama<\/h2>\n<h4>Yorum sistemi do\u011frudan y\u00f6netilir<\/h4>\n<p>Ki\u015fisel Veriler: e-posta adresi; ad\u0131; soy isim<\/p>\n<h2 class=\"top-space\" style=\"text-align: left;\">Displaying content from external platforms<\/h2>\n<h4>Typeform<\/h4>\n<h4>Google Fonts and Adobe Fonts<\/h4>\n<p>Personal Data: Usage Data; various types of Data as specified in the privacy policy of the service<\/p>\n<h4>Vimeo video and YouTube video widget<\/h4>\n<p>Personal Data: Cookies; Usage Data<\/p>\n<h2 class=\"top-space\" style=\"text-align: left;\">Handling payments<\/h2>\n<h4>Stripe and PayPal<\/h4>\n<p>Personal Data: various types of Data as specified in the privacy policy of the service<\/p>\n<h2 class=\"top-space\" style=\"text-align: left;\">Hosting and backend infrastructure<\/h2>\n<h4>Amazon Web Services (AWS)<\/h4>\n<p>Personal Data: various types of Data as specified in the privacy policy of the service<\/p>\n<h2 class=\"top-space\" style=\"text-align: left;\">Interaction with external social networks and platforms<\/h2>\n<h4>Pinterest \u201cPin it\u201d button and social widgets<\/h4>\n<p>Personal Data: Cookies; Usage Data<\/p>\n<h2 class=\"top-space\" style=\"text-align: left;\">Managing contacts and sending messages<\/h2>\n<h4>Campaign Monitor<\/h4>\n<p>Personal Data: address; country; email address; first name; last name<\/p>\n<h2 class=\"top-space\" style=\"text-align: left;\">Remarketing and behavioral targeting<\/h2>\n<h4>Facebook Remarketing<\/h4>\n<p>Personal Data: Cookies; Usage Data<\/p>\n<h2 class=\"top-space\" style=\"text-align: left;\">SPAM protection<\/h2>\n<h4>Akismet<\/h4>\n<p>Personal Data: various types of Data as specified in the privacy policy of the service<\/p>\n<h2 class=\"top-space\" style=\"text-align: left;\">Further information about Personal Data<\/h2>\n<h4>Selling goods and services online<\/h4>\n<p>The Personal Data collected are used to provide the User with services or to sell goods, including payment and possible delivery. The Personal Data collected to complete the payment may include the credit card, the bank account used for the transfer, or any other means of payment envisaged. The kind of Data collected by this Application depends on the payment system used.<\/p>\n<h2 class=\"top-space\" style=\"text-align: left;\">Contact information<\/h2>\n<h4>Owner and Data Controller<\/h4>\n<p>Burcu Kutluk<br \/>\nAdres Bilgisi<br \/>\nOwner contact email:\u00a0<a href=\"mailto:info@childrenofthearth.com\">info@childrenofthearth.com<\/a><\/p>\n<h2 class=\"top-space\" style=\"text-align: left;\">The rights of Users<\/h2>\n<p>Users may exercise certain rights regarding their Data processed by the Owner.<br \/>\nIn particular, Users have the right to do the following:<\/p>\n<p class=\"list\"><strong>Withdraw their consent at any time.<\/strong>\u00a0Users have the right to withdraw consent where they have previously given their consent to the processing of their Personal Data.<\/p>\n<p class=\"list\"><strong>Object to processing of their Data.<\/strong>\u00a0Users have the right to object to the processing of their Data if the processing is carried out on a legal basis other than consent. Further details are provided in the dedicated section below.<\/p>\n<p class=\"list\"><strong>Access their Data.<\/strong>\u00a0Users have the right to learn if Data is being processed by the Owner, obtain disclosure regarding certain aspects of the processing and obtain a copy of the Data undergoing processing.<\/p>\n<p class=\"list\">Verify and seek rectification. Users have the right to verify the accuracy of their Data and ask for it to be updated or corrected.<\/p>\n<p class=\"list\"><strong>Restrict the processing of their Data.<\/strong>\u00a0Users have the right, under certain circumstances, to restrict the processing of their Data. In this case, the Owner will not process their Data for any purpose other than storing it.<\/p>\n<p class=\"list\"><strong>Have their Personal Data deleted or otherwise removed.<\/strong>\u00a0Users have the right, under certain circumstances, to obtain the erasure of their Data from the Owner.<\/p>\n<p class=\"list\"><strong>Receive their Data and have it transferred to another controller.<\/strong>\u00a0Users have the right to receive their Data in a structured, commonly used and machine readable format and, if technically feasible, to have it transmitted to another controller without any hindrance. This provision is applicable provided that the Data is processed by automated means and that the processing is based on the User&#8217;s consent, on a contract which the User is part of or on pre-contractual obligations thereof.<\/p>\n<p class=\"list\"><strong>Lodge a complaint.<\/strong>\u00a0Users have the right to bring a claim before their competent data protection authority.<\/p>\n<h2 class=\"top-space\" style=\"text-align: left;\">Details about the right to object to processing<\/h2>\n<p>Where Personal Data is processed for a public interest, in the exercise of an official authority vested in the Owner or for the purposes of the legitimate interests pursued by the Owner, Users may object to such processing by providing a ground related to their particular situation to justify the objection.<\/p>\n<p>Users must know that, however, should their Personal Data be processed for direct marketing purposes, they can object to that processing at any time without providing any justification. To learn, whether the Owner is processing Personal Data for direct marketing purposes, Users may refer to the relevant sections of this document.<\/p>\n<h2 class=\"top-space\" style=\"text-align: left;\">How to exercise these rights<\/h2>\n<p>Any requests to exercise User rights can be directed to the Owner through the contact details provided in this document. These requests can be exercised free of charge and will be addressed by the Owner as early as possible and always within one month.<\/p>\n<\/div><\/section>","protected":false},"excerpt":{"rendered":"","protected":false},"author":1,"featured_media":0,"parent":0,"menu_order":0,"comment_status":"closed","ping_status":"open","template":"","meta":{"inline_featured_image":false,"footnotes":""},"class_list":["post-3","page","type-page","status-publish","hentry"],"_links":{"self":[{"href":"https:\/\/www.childrenofthearth.com\/tr\/wp-json\/wp\/v2\/pages\/3","targetHints":{"allow":["GET"]}}],"collection":[{"href":"https:\/\/www.childrenofthearth.com\/tr\/wp-json\/wp\/v2\/pages"}],"about":[{"href":"https:\/\/www.childrenofthearth.com\/tr\/wp-json\/wp\/v2\/types\/page"}],"author":[{"embeddable":true,"href":"https:\/\/www.childrenofthearth.com\/tr\/wp-json\/wp\/v2\/users\/1"}],"replies":[{"embeddable":true,"href":"https:\/\/www.childrenofthearth.com\/tr\/wp-json\/wp\/v2\/comments?post=3"}],"version-history":[{"count":7,"href":"https:\/\/www.childrenofthearth.com\/tr\/wp-json\/wp\/v2\/pages\/3\/revisions"}],"predecessor-version":[{"id":5379,"href":"https:\/\/www.childrenofthearth.com\/tr\/wp-json\/wp\/v2\/pages\/3\/revisions\/5379"}],"wp:attachment":[{"href":"https:\/\/www.childrenofthearth.com\/tr\/wp-json\/wp\/v2\/media?parent=3"}],"curies":[{"name":"wp","href":"https:\/\/api.w.org\/{rel}","templated":true}]}}