{"id":278,"date":"2023-05-01T22:03:12","date_gmt":"2023-05-01T22:03:12","guid":{"rendered":"http:\/\/www.childrenofthearth.com\/?page_id=278"},"modified":"2023-06-06T06:37:13","modified_gmt":"2023-06-06T06:37:13","slug":"contact","status":"publish","type":"page","link":"https:\/\/www.childrenofthearth.com\/tr\/contact\/","title":{"rendered":"\u0130leti\u015fim"},"content":{"rendered":"<style type=\"text\/css\" data-created_by=\"avia_inline_auto\" id=\"style-css-av-lh8nm7jb-b908e196e6e5d42e76ea5e78f4d55ca6\">\n.avia-section.av-lh8nm7jb-b908e196e6e5d42e76ea5e78f4d55ca6{\nbackground-color:#f7f7f7;\nbackground-image:unset;\n}\n<\/style>\n<div id='iletisim'  class='avia-section av-lh8nm7jb-b908e196e6e5d42e76ea5e78f4d55ca6 main_color avia-section-default avia-no-border-styling  avia-builder-el-0  avia-builder-el-no-sibling  avia-bg-style-scroll container_wrap fullsize'  ><div class='container av-section-cont-open' ><main  role=\"main\" itemprop=\"mainContentOfPage\"  class='template-page content  av-content-full alpha units'><div class='post-entry post-entry-type-page post-entry-278'><div class='entry-content-wrapper clearfix'>\n<div class='flex_column_table av-lh8n9gwo-9ffc2ae378adfc01c92f7eccb86b498e sc-av_one_half av-equal-height-column-flextable'><div class='flex_column av-lh8n9gwo-9ffc2ae378adfc01c92f7eccb86b498e av_one_half  avia-builder-el-1  el_before_av_one_half  avia-builder-el-first  first flex_column_table_cell av-equal-height-column av-align-middle'     ><p>\n<style type=\"text\/css\" data-created_by=\"avia_inline_auto\" id=\"style-css-av-lh8n9tag-6dca5eb9a0692581e6ce0a6ab2ef45f8\">\n#top .av-special-heading.av-lh8n9tag-6dca5eb9a0692581e6ce0a6ab2ef45f8{\npadding-bottom:10px;\n}\nbody .av-special-heading.av-lh8n9tag-6dca5eb9a0692581e6ce0a6ab2ef45f8 .av-special-heading-tag .heading-char{\nfont-size:25px;\n}\n.av-special-heading.av-lh8n9tag-6dca5eb9a0692581e6ce0a6ab2ef45f8 .av-subheading{\nfont-size:15px;\n}\n<\/style>\n<div  class='av-special-heading av-lh8n9tag-6dca5eb9a0692581e6ce0a6ab2ef45f8 av-special-heading-h3 blockquote modern-quote modern-centered  avia-builder-el-2  el_before_av_textblock  avia-builder-el-first'><h3 class='av-special-heading-tag'  itemprop=\"headline\"  >\u0130leti\u015fim i\u00e7in<\/h3><div class=\"special-heading-border\"><div class=\"special-heading-inner-border\"><\/div><\/div><\/div><br \/>\n<section  class='av_textblock_section av-lh8nax4p-21c1d6a9fab054db987c3153049f434d'  itemscope=\"itemscope\" itemtype=\"https:\/\/schema.org\/CreativeWork\" ><div class='avia_textblock'  itemprop=\"text\" ><p>E-posta adresi: <a href=\"mailto:info@childrenofthearth.com\">info@childrenofthearth.com<\/a><\/p>\n<\/div><\/section><\/p><\/div><div class='av-flex-placeholder'><\/div><div class='flex_column av-98ws6-5597f55894b5481c8fad581d47bbf3e8 av_one_half  avia-builder-el-4  el_after_av_one_half  avia-builder-el-last  flex_column_table_cell av-equal-height-column av-align-middle'     ><form action=\"https:\/\/www.childrenofthearth.com\/tr\/contact\/\" method=\"post\"  class=\"avia_ajax_form av-form-labels-hidden   avia-builder-el-5  avia-builder-el-no-sibling\" data-avia-form-id=\"1\" data-avia-redirect='' data-trp-original-action=\"https:\/\/www.childrenofthearth.com\/tr\/contact\/\" ><fieldset><p class='first_form  form_element form_element_half' id='element_avia_1_1'><label for=\"avia_1_1\">\u0130sim<\/label> <input name=\"avia_1_1\" class=\"text_input\" type=\"text\" id=\"avia_1_1\" value=\"\"  placeholder='\u0130sim'\/><\/p><p class='form_element form_element_half' id='element_avia_2_1'><label for=\"avia_2_1\">Soyisim<\/label> <input name=\"avia_2_1\" class=\"text_input\" type=\"text\" id=\"avia_2_1\" value=\"\"  placeholder='Soyisim'\/><\/p><p class='first_form  form_element form_fullwidth' id='element_avia_3_1'><label for=\"avia_3_1\">E-Posta Adresi<\/label> <input name=\"avia_3_1\" class=\"text_input\" type=\"text\" id=\"avia_3_1\" value=\"\"  placeholder='E-Posta Adresi'\/><\/p><p class='first_form  form_element form_fullwidth' id='element_avia_4_1'><label for=\"avia_4_1\">Beni nas\u0131l buldunuz?<\/label><select  name=\"avia_4_1\" class=\"select\" id=\"avia_4_1\"><option class=\"av-placeholder\" disabled=\"disabled\" selected=\"selected\" value=''>Beni nas\u0131l buldunuz?<\/option><option   value='A friend recomendation'>Bir arkada\u015f tavsiyesi<\/option><option   value='Searching online'>\u0130nternette tesad\u00fcfen<\/option><option   value='Instagram'>Instagram'dan<\/option><\/select><\/p><p class='first_form  form_element form_fullwidth av-last-visible-form-element' id='element_avia_5_1'><label for=\"avia_5_1\" class=\"textare_label hidden textare_label_avia_5_1\">Mesaj\u0131n\u0131z<\/label><textarea  placeholder='Mesaj\u0131n\u0131z' name=\"avia_5_1\" class=\"text_area\" cols=\"40\" rows=\"7\" id=\"avia_5_1\" ><\/textarea><\/p><p class=\"hidden\"><input type=\"text\" name=\"avia_6_1\" class=\"hidden\" id=\"avia_6_1\" value=\"\" \/><\/p><p class=\"form_element\"><input type=\"hidden\" value=\"1\" name=\"avia_generated_form1\" \/><input type=\"submit\" value=\"G\u00f6nder\" class=\"button\"  data-sending-label=\"G\u00f6nderiliyor\"\/><\/p><\/fieldset><input type=\"hidden\" name=\"trp-form-language\" value=\"tr\"\/><\/form><div id=\"ajaxresponse_1\" class=\"ajaxresponse ajaxresponse_1 hidden\"><\/div><\/div><\/div><!--close column table wrapper. Autoclose: 1 -->","protected":false},"excerpt":{"rendered":"","protected":false},"author":1,"featured_media":0,"parent":0,"menu_order":0,"comment_status":"closed","ping_status":"closed","template":"","meta":{"inline_featured_image":false,"footnotes":""},"class_list":["post-278","page","type-page","status-publish","hentry"],"_links":{"self":[{"href":"https:\/\/www.childrenofthearth.com\/tr\/wp-json\/wp\/v2\/pages\/278","targetHints":{"allow":["GET"]}}],"collection":[{"href":"https:\/\/www.childrenofthearth.com\/tr\/wp-json\/wp\/v2\/pages"}],"about":[{"href":"https:\/\/www.childrenofthearth.com\/tr\/wp-json\/wp\/v2\/types\/page"}],"author":[{"embeddable":true,"href":"https:\/\/www.childrenofthearth.com\/tr\/wp-json\/wp\/v2\/users\/1"}],"replies":[{"embeddable":true,"href":"https:\/\/www.childrenofthearth.com\/tr\/wp-json\/wp\/v2\/comments?post=278"}],"version-history":[{"count":14,"href":"https:\/\/www.childrenofthearth.com\/tr\/wp-json\/wp\/v2\/pages\/278\/revisions"}],"predecessor-version":[{"id":6377,"href":"https:\/\/www.childrenofthearth.com\/tr\/wp-json\/wp\/v2\/pages\/278\/revisions\/6377"}],"wp:attachment":[{"href":"https:\/\/www.childrenofthearth.com\/tr\/wp-json\/wp\/v2\/media?parent=278"}],"curies":[{"name":"wp","href":"https:\/\/api.w.org\/{rel}","templated":true}]}}