{"id":260,"date":"2023-05-01T21:30:21","date_gmt":"2023-05-01T21:30:21","guid":{"rendered":"http:\/\/www.childrenofthearth.com\/?page_id=260"},"modified":"2024-09-30T18:22:51","modified_gmt":"2024-09-30T18:22:51","slug":"book-a-session-with-burcu","status":"publish","type":"page","link":"https:\/\/www.childrenofthearth.com\/tr\/book-a-session-with-burcu\/","title":{"rendered":"Burcu\u2019yla 1-1 Seans"},"content":{"rendered":"<style type=\"text\/css\" data-created_by=\"avia_inline_auto\" id=\"style-css-av-lh7shlxh-8bb4838a380e8d17f2e5df595b5ecb63\">\n.avia-section.av-lh7shlxh-8bb4838a380e8d17f2e5df595b5ecb63{\nbackground-repeat:no-repeat;\nbackground-image:url(https:\/\/www.childrenofthearth.com\/wp-content\/uploads\/2023\/05\/DSC09250.jpg);\nbackground-position:50% 0%;\nbackground-attachment:scroll;\n}\n.avia-section.av-lh7shlxh-8bb4838a380e8d17f2e5df595b5ecb63 .av-section-color-overlay{\nopacity:0.2;\nbackground-color:#000000;\n}\n<\/style>\n<div id='kurslargiris'  class='avia-section av-lh7shlxh-8bb4838a380e8d17f2e5df595b5ecb63 main_color avia-section-default avia-no-border-styling  avia-builder-el-0  el_before_av_section  avia-builder-el-first  avia-bg-style-scroll av-section-color-overlay-active container_wrap fullsize'  data-section-bg-repeat='no-repeat'><div class=\"av-section-color-overlay-wrap\"><div class=\"av-section-color-overlay\"><\/div><div class='container av-section-cont-open' ><main  role=\"main\" itemprop=\"mainContentOfPage\"  class='template-page content  av-content-full alpha units'><div class='post-entry post-entry-type-page post-entry-260'><div class='entry-content-wrapper clearfix'>\n\n<style type=\"text\/css\" data-created_by=\"avia_inline_auto\" id=\"style-css-av-lhhec441-77d0398c46f6aad0ae17c8cc16aee676\">\n#top .hr.hr-invisible.av-lhhec441-77d0398c46f6aad0ae17c8cc16aee676{\nheight:20px;\n}\n<\/style>\n<div  class='hr av-lhhec441-77d0398c46f6aad0ae17c8cc16aee676 hr-invisible  avia-builder-el-1  el_before_av_heading  avia-builder-el-first'><span class='hr-inner'><span class=\"hr-inner-style\"><\/span><\/span><\/div>\n\n<style type=\"text\/css\" data-created_by=\"avia_inline_auto\" id=\"style-css-av-lhheaxe3-0e638e37623611f35461a97bf15902b2\">\n#top .av-special-heading.av-lhheaxe3-0e638e37623611f35461a97bf15902b2{\npadding-bottom:10px;\ncolor:#ffffff;\n}\nbody .av-special-heading.av-lhheaxe3-0e638e37623611f35461a97bf15902b2 .av-special-heading-tag .heading-char{\nfont-size:25px;\n}\n.av-special-heading.av-lhheaxe3-0e638e37623611f35461a97bf15902b2 .special-heading-inner-border{\nborder-color:#ffffff;\n}\n.av-special-heading.av-lhheaxe3-0e638e37623611f35461a97bf15902b2 .av-subheading{\nfont-size:15px;\n}\n<\/style>\n<div  class='av-special-heading av-lhheaxe3-0e638e37623611f35461a97bf15902b2 av-special-heading-h2 custom-color-heading blockquote modern-quote modern-centered  avia-builder-el-2  el_after_av_hr  el_before_av_hr'><div class='av_custom_color av-subheading av-subheading_above'><p>yolculuk ba\u015fl\u0131yor<\/p>\n<\/div><h2 class='av-special-heading-tag'  itemprop=\"headline\"  >1-1 Seanslar<\/h2><div class=\"special-heading-border\"><div class=\"special-heading-inner-border\"><\/div><\/div><\/div>\n\n<style type=\"text\/css\" data-created_by=\"avia_inline_auto\" id=\"style-css-av-lhhece01-7a077e52fcc7da6481b9f586eed5389e\">\n#top .hr.hr-invisible.av-lhhece01-7a077e52fcc7da6481b9f586eed5389e{\nheight:150px;\n}\n<\/style>\n<div  class='hr av-lhhece01-7a077e52fcc7da6481b9f586eed5389e hr-invisible  avia-builder-el-3  el_after_av_heading  avia-builder-el-last'><span class='hr-inner'><span class=\"hr-inner-style\"><\/span><\/span><\/div>\n\n<\/div><\/div><\/main><!-- close content main element --><\/div><\/div><\/div>\n<style type=\"text\/css\" data-created_by=\"avia_inline_auto\" id=\"style-css-av-13gyis-8b1b1a1f51049af7c9015e1747d03166\">\n.avia-section.av-13gyis-8b1b1a1f51049af7c9015e1747d03166{\nbackground-color:#f3dbd0;\nbackground-image:unset;\n}\n<\/style>\n<div id='program'  class='avia-section av-13gyis-8b1b1a1f51049af7c9015e1747d03166 main_color avia-section-default avia-no-border-styling  avia-builder-el-4  el_after_av_section  el_before_av_section  avia-bg-style-scroll container_wrap fullsize'  ><div class='container av-section-cont-open' ><div class='template-page content  av-content-full alpha units'><div class='post-entry post-entry-type-page post-entry-260'><div class='entry-content-wrapper clearfix'>\n\n<style type=\"text\/css\" data-created_by=\"avia_inline_auto\" id=\"style-css-av-lhhg6yp4-e5e50bb065033a81fad589ae05c3f347\">\n.avia-image-container.av-lhhg6yp4-e5e50bb065033a81fad589ae05c3f347 img.avia_image{\nbox-shadow:none;\n}\n.avia-image-container.av-lhhg6yp4-e5e50bb065033a81fad589ae05c3f347 .av-image-caption-overlay-center{\ncolor:#ffffff;\n}\n<\/style>\n<div  class='avia-image-container av-lhhg6yp4-e5e50bb065033a81fad589ae05c3f347 av-styling- avia-align-center  avia-builder-el-5  el_before_av_one_full  avia-builder-el-first'   itemprop=\"image\" itemscope=\"itemscope\" itemtype=\"https:\/\/schema.org\/ImageObject\" ><div class=\"avia-image-container-inner\"><div class=\"avia-image-overlay-wrap\"><img decoding=\"async\" class='wp-image-4889 avia-img-lazy-loading-not-4889 avia_image' src=\"https:\/\/www.childrenofthearth.com\/wp-content\/uploads\/2023\/05\/semi-colon.svg\" alt='' title='semi-colon'  height=\"80\" width=\"80\"  itemprop=\"thumbnailUrl\"  \/><\/div><\/div><\/div>\n<div class='flex_column av-8na7w-b003bfde1a1954181b3c7d9e9a7b6409 av_one_full  avia-builder-el-6  el_after_av_image  avia-builder-el-last  first flex_column_div'     ><section  class='av_textblock_section av-lh7sl2go-3e49d9617354be11362714a7996960e7'  itemscope=\"itemscope\" itemtype=\"https:\/\/schema.org\/CreativeWork\" ><div class='avia_textblock italikyazi'  itemprop=\"text\" ><p style=\"text-align: center;\">Do\u011fuma bak\u0131\u015f a\u00e7\u0131n\u0131z\u0131 de\u011fi\u015ftirdi\u011finizde do\u011fum \u015fekliniz de de\u011fi\u015fecektir.<\/p>\n<\/div><\/section><br \/>\n<section  class='av_textblock_section av-lhhgfgch-3d828504cbe7e3e0c3fded8b6f5fa620'  itemscope=\"itemscope\" itemtype=\"https:\/\/schema.org\/CreativeWork\" ><div class='avia_textblock yazar'  itemprop=\"text\" ><p style=\"text-align: center;\">Burcu Kutluk<\/p>\n<\/div><\/section><\/p><\/div>\n\n<\/div><\/div><\/div><!-- close content main div --><\/div><\/div>\n<style type=\"text\/css\" data-created_by=\"avia_inline_auto\" id=\"style-css-av-lhhhanak-6228b53c11016a2267b668b5097959f9\">\n.avia-section.av-lhhhanak-6228b53c11016a2267b668b5097959f9{\nbackground-color:#f8f1ed;\nbackground-image:unset;\n}\n<\/style>\n<div id='kurslar'  class='avia-section av-lhhhanak-6228b53c11016a2267b668b5097959f9 main_color avia-section-default avia-no-border-styling  avia-builder-el-9  el_after_av_section  avia-builder-el-last  avia-bg-style-scroll container_wrap fullsize'  ><div class='container av-section-cont-open' ><div class='template-page content  av-content-full alpha units'><div class='post-entry post-entry-type-page post-entry-260'><div class='entry-content-wrapper clearfix'>\n<div class='flex_column_table av-78nos-aa11c393a0002f94ae6334c7ee18a3c1 sc-av_one_half av-equal-height-column-flextable'><div class='flex_column av-78nos-aa11c393a0002f94ae6334c7ee18a3c1 av_one_half  avia-builder-el-10  el_before_av_one_half  avia-builder-el-first  first flex_column_table_cell av-equal-height-column av-align-top'     id=\"kurskutusu\"  ><p>\n<style type=\"text\/css\" data-created_by=\"avia_inline_auto\" id=\"style-css-av-1al8lo-57bd197800c4cd2104505ad7a9f59cf9\">\n.avia-image-container.av-1al8lo-57bd197800c4cd2104505ad7a9f59cf9 img.avia_image{\nbox-shadow:none;\n}\n.avia-image-container.av-1al8lo-57bd197800c4cd2104505ad7a9f59cf9 .av-image-caption-overlay-center{\ncolor:#ffffff;\n}\n<\/style>\n<div  class='avia-image-container av-1al8lo-57bd197800c4cd2104505ad7a9f59cf9 av-styling- avia-align-center  avia-builder-el-11  el_before_av_textblock  avia-builder-el-first  kursfoto'   itemprop=\"image\" itemscope=\"itemscope\" itemtype=\"https:\/\/schema.org\/ImageObject\" ><div class=\"avia-image-container-inner\"><div class=\"avia-image-overlay-wrap\"><img decoding=\"async\" class='wp-image-5656 avia-img-lazy-loading-not-5656 avia_image' src=\"https:\/\/www.childrenofthearth.com\/wp-content\/uploads\/2023\/05\/closeup-couple-holding-their-belly-bump-park-900x430.jpg\" alt='' title='closeup-couple-holding-their-belly-bump-park'  height=\"430\" width=\"900\"  itemprop=\"thumbnailUrl\"  \/><\/div><\/div><\/div><br \/>\n<section  class='av_textblock_section av-lh7qalyf-4984e0c4bea5da054f882dcf62f4568c'  itemscope=\"itemscope\" itemtype=\"https:\/\/schema.org\/CreativeWork\" ><div class='avia_textblock kuskutusu'  itemprop=\"text\" ><h3 title=\"\">Bebek Bekleyen Anne\/Baba veya \u00c7ifte Do\u011fuma Haz\u0131rl\u0131k Rehberli\u011fi<\/h3>\n<p>Rahat bir do\u011fum i\u00e7in nas\u0131l kendinden emin olabilirim?<\/p>\n<p>Anneli\u011fe nas\u0131l haz\u0131rlanabilirim?<\/p>\n<p>Hayat\u0131n\u0131z\u0131n en b\u00fcy\u00fck hediyesini ald\u0131\u011f\u0131n\u0131z anda tam olarak orada olmak ve<\/p>\n<p>Anne olman\u0131n t\u00fcm deneyimini kucaklamak<\/p>\n<p>Do\u011fal do\u011fumun faydalar\u0131yla v\u00fccudunuzun sa\u011fl\u0131\u011f\u0131n\u0131 desteklemek<\/p>\n<p>M\u00fcmk\u00fcn olan en do\u011fal do\u011fumla bebe\u011finizin ba\u011f\u0131\u015f\u0131kl\u0131k sistemini ve genel sa\u011fl\u0131\u011f\u0131n\u0131 desteklemek<\/p>\n<p>Do\u011fumdan sonra v\u00fccudunuzun daha h\u0131zl\u0131 iyile\u015fmesini\/iyile\u015fmesini desteklemek<\/p>\n<p>E\u015f ve aile dahil t\u00fcm taraflar aras\u0131nda artan empati deneyimi<\/p>\n<p>Hem bebek hem de anne i\u00e7in g\u00fcvenli ve sevgi dolu bir ortam yaratmak<\/p>\n<p>Gurur duyulacak bir an\u0131 yaratmak<\/p>\n<p>Di\u015fil g\u00fcc\u00fcn\u00fcze tam uyanmak<\/p>\n<p>Di\u015fil g\u00fcc\u00fcn arac\u0131l\u0131\u011f\u0131yla ya\u015famla ilahi birli\u011fi deneyimlemek i\u00e7in<\/p>\n<p>\u00c7ok ge\u00e7 olana kadar beklemeyin!<\/p>\n<p>Yaln\u0131zca bir veya birka\u00e7 kez do\u011fum yapacaks\u0131n\u0131z, bunu unutulmaz k\u0131l\u0131n!<\/p>\n<\/div><\/section><br \/>\n<div  class='avia-button-wrap av-lh7r8s7d-08d7e5443be5bb0debc10f07c13c99c3-wrap avia-button-left  avia-builder-el-13  el_after_av_textblock  avia-builder-el-last'>\n<style type=\"text\/css\" data-created_by=\"avia_inline_auto\" id=\"style-css-av-lh7r8s7d-08d7e5443be5bb0debc10f07c13c99c3\">\n#top #wrap_all .avia-button.av-lh7r8s7d-08d7e5443be5bb0debc10f07c13c99c3{\nbackground-color:#c7a595;\nborder-color:#c7a595;\ncolor:#ffffff;\n-webkit-transition:all 0.4s ease-in-out;\n-moz-transition:all 0.4s ease-in-out;\n-ms-transition:all 0.4s ease-in-out;\n-o-transition:all 0.4s ease-in-out;\ntransition:all 0.4s ease-in-out;\n}\n<\/style>\n<a href='https:\/\/www.childrenofthearth.com\/tr\/book-a-session\/'  class='avia-button av-lh7r8s7d-08d7e5443be5bb0debc10f07c13c99c3 avia-icon_select-no avia-size-medium avia-position-left'  ><span class='avia_iconbox_title' >\u015eimdi Rezervasyon Yap\u0131n<\/span><\/a><\/div><\/p><\/div><div class='av-flex-placeholder'><\/div><div class='flex_column av-t92p0-115c6eecfc5592dd623690e54104204e av_one_half  avia-builder-el-14  el_after_av_one_half  avia-builder-el-last  flex_column_table_cell av-equal-height-column av-align-top'     id=\"kurskutusu\"  ><p>\n<style type=\"text\/css\" data-created_by=\"avia_inline_auto\" id=\"style-css-av-2bupw-82f3ee68e66832097333157593c8a40d\">\n.avia-image-container.av-2bupw-82f3ee68e66832097333157593c8a40d img.avia_image{\nbox-shadow:none;\n}\n.avia-image-container.av-2bupw-82f3ee68e66832097333157593c8a40d .av-image-caption-overlay-center{\ncolor:#ffffff;\n}\n<\/style>\n<div  id=\"deeprelaxationsession\"  class='avia-image-container av-2bupw-82f3ee68e66832097333157593c8a40d av-styling- avia-align-center  avia-builder-el-15  el_before_av_textblock  avia-builder-el-first  kursfoto'   itemprop=\"image\" itemscope=\"itemscope\" itemtype=\"https:\/\/schema.org\/ImageObject\" ><div class=\"avia-image-container-inner\"><div class=\"avia-image-overlay-wrap\"><img decoding=\"async\" class='wp-image-4994 avia-img-lazy-loading-not-4994 avia_image' src=\"https:\/\/www.childrenofthearth.com\/wp-content\/uploads\/2023\/05\/DSC08953-900x430.jpg\" alt='' title='DSC08953'  height=\"430\" width=\"900\"  itemprop=\"thumbnailUrl\"  \/><\/div><\/div><\/div><br \/>\n<section  class='av_textblock_section av-1s1r8-512d73fd27d368f4250efad0f2383c14'  itemscope=\"itemscope\" itemtype=\"https:\/\/schema.org\/CreativeWork\" ><div class='avia_textblock kuskutusu'  itemprop=\"text\" ><h3 title=\"\">Derin Rahatlama Seans\u0131<\/h3>\n<p>Giderek daha tela\u015fl\u0131 hale gelen d\u00fcnyam\u0131zda, ger\u00e7ek rahatlamay\u0131 ve i\u00e7 huzuru bulmak de\u011ferli bir \u015fey haline geldi. Derin rahatlama, dengeyi yeniden sa\u011flaman\u0131n, sinir sistemimizi sakinle\u015ftirmenin, stresi azaltman\u0131n ve genel refah\u0131m\u0131z\u0131 beslemenin bir kap\u0131s\u0131d\u0131r.<\/p>\n<p>Ak\u0131l sa\u011fl\u0131\u011f\u0131m\u0131z\u0131 geri kazanmak, \u00f6zellikle de ebeveyn olarak ba\u015far\u0131n\u0131n di\u011fer tan\u0131mlar\u0131ndan daha \u00f6nemli hale geldi.<\/p>\n<p>Kendinizi ke\u015ffetmeniz i\u00e7in g\u00fcvenli ve destekleyici bir alan yaratarak i\u00e7sel bilgeli\u011finize, arzular\u0131n\u0131za ve niyetlerinize eri\u015fmenize yard\u0131mc\u0131 oluyoruz. Bu s\u00fcre\u00e7 sayesinde, gizli stres ve gerginlik kaynaklar\u0131n\u0131 ortaya \u00e7\u0131karabilir ve derin bir rahatlamaya ve ger\u00e7ek benli\u011fimizle hafiflik ve sa\u011fl\u0131k i\u00e7inde bulu\u015fmaya y\u00f6nelik d\u00f6n\u00fc\u015ft\u00fcr\u00fcc\u00fc bir yola \u00e7\u0131kabiliriz.<\/p>\n<p>Yenilerinin ortaya \u00e7\u0131kabilmesi i\u00e7in, art\u0131k i\u015fe yaramayanlar\u0131 serbest b\u0131rakman\u0131za yard\u0131mc\u0131 olmak i\u00e7in \u00e7ok \u00e7e\u015fitli bilim destekli teknikler kullan\u0131yoruz.<\/p>\n<\/div><\/section><br \/>\n<div  class='avia-button-wrap av-9bi4s-d5e10f7b97d5b8b5d553b685de9c8137-wrap avia-button-left  avia-builder-el-17  el_after_av_textblock  avia-builder-el-last'>\n<style type=\"text\/css\" data-created_by=\"avia_inline_auto\" id=\"style-css-av-9bi4s-d5e10f7b97d5b8b5d553b685de9c8137\">\n#top #wrap_all .avia-button.av-9bi4s-d5e10f7b97d5b8b5d553b685de9c8137{\nbackground-color:#c7a595;\nborder-color:#c7a595;\ncolor:#ffffff;\n-webkit-transition:all 0.4s ease-in-out;\n-moz-transition:all 0.4s ease-in-out;\n-ms-transition:all 0.4s ease-in-out;\n-o-transition:all 0.4s ease-in-out;\ntransition:all 0.4s ease-in-out;\n}\n<\/style>\n<a href='https:\/\/www.childrenofthearth.com\/tr\/book-a-session\/'  class='avia-button av-9bi4s-d5e10f7b97d5b8b5d553b685de9c8137 avia-icon_select-no avia-size-medium avia-position-left'  ><span class='avia_iconbox_title' >\u015eimdi Rezervasyon Yap\u0131n<\/span><\/a><\/div><\/p><\/div><\/div><!--close column table wrapper. Autoclose: 1 -->","protected":false},"excerpt":{"rendered":"","protected":false},"author":1,"featured_media":0,"parent":0,"menu_order":0,"comment_status":"closed","ping_status":"closed","template":"","meta":{"inline_featured_image":false,"footnotes":""},"class_list":["post-260","page","type-page","status-publish","hentry"],"_links":{"self":[{"href":"https:\/\/www.childrenofthearth.com\/tr\/wp-json\/wp\/v2\/pages\/260","targetHints":{"allow":["GET"]}}],"collection":[{"href":"https:\/\/www.childrenofthearth.com\/tr\/wp-json\/wp\/v2\/pages"}],"about":[{"href":"https:\/\/www.childrenofthearth.com\/tr\/wp-json\/wp\/v2\/types\/page"}],"author":[{"embeddable":true,"href":"https:\/\/www.childrenofthearth.com\/tr\/wp-json\/wp\/v2\/users\/1"}],"replies":[{"embeddable":true,"href":"https:\/\/www.childrenofthearth.com\/tr\/wp-json\/wp\/v2\/comments?post=260"}],"version-history":[{"count":112,"href":"https:\/\/www.childrenofthearth.com\/tr\/wp-json\/wp\/v2\/pages\/260\/revisions"}],"predecessor-version":[{"id":6701,"href":"https:\/\/www.childrenofthearth.com\/tr\/wp-json\/wp\/v2\/pages\/260\/revisions\/6701"}],"wp:attachment":[{"href":"https:\/\/www.childrenofthearth.com\/tr\/wp-json\/wp\/v2\/media?parent=260"}],"curies":[{"name":"wp","href":"https:\/\/api.w.org\/{rel}","templated":true}]}}